{"id":18,"date":"2016-11-03T17:03:04","date_gmt":"2016-11-03T16:03:04","guid":{"rendered":"http:\/\/www.lerelaispourlemploi.fr\/jardin\/?page_id=18"},"modified":"2017-04-20T14:32:40","modified_gmt":"2017-04-20T12:32:40","slug":"accueil","status":"publish","type":"page","link":"https:\/\/www.lerelaispourlemploi.fr\/jardin\/","title":{"rendered":"Accueil"},"content":{"rendered":"<div id=\"services\" class=\"grey_bg jardin\">\n<div class=\"container\">\n<div class=\"row\"><\/p>\n<h2 class=\"jardin\">Nos paniers hebdomadaires de l\u00e9gumes bio du Theil de Bretagne<\/h2>\n<p><div class=\"service col-3\"><a href=\".\/nos-paniers-bio\/composition\/\"><div class=\"box\"><i class=\"fa fa-shopping-bag icon\" aria-hidden=\"true\"><\/i><\/div><div class=\"desc\"><h3>Fonctionnement<\/h3><p>Pour tout savoir sur l&rsquo;abonnement aux paniers, c&rsquo;est ici !<\/p><\/div><\/a><\/div>\n<div class=\"service col-3\"><a href=\".\/nos-paniers-bio\/tarifs\/\"><div class=\"box\"><i class=\"fa fa-file-text-o icon\" aria-hidden=\"true\"><\/i><\/div><div class=\"desc\"><h3>Nos Tarifs<\/h3><p>Prix du panier, adh\u00e9sion associative&#8230; On vous dit tout !<\/p><\/div><\/a><\/div>\n<div class=\"service col-3\"><a href=\".\/nos-paniers-bio\/points-de-depots\/\"><div class=\"box\"><i class=\"fa fa-map-marker icon\" aria-hidden=\"true\"><\/i><\/div><div class=\"desc\"><h3>Points de D\u00e9p\u00f4t<\/h3><p>D\u00e9couvrez les 5 points de retrait <br \/>de paniers sur le Pays de Vitr\u00e9 !<\/p><\/div><\/a><\/div>\n<div class=\"service col-3\"><a href=\".\/nos-paniers-bio\/adhesion\"><div class=\"box\"><i class=\"fa fa-address-card icon\" aria-hidden=\"true\"><\/i><\/div><div class=\"desc\"><h3>Adh\u00e9sion<\/h3><p>Laissez-vous tenter et b\u00e9n\u00e9ficiez d&rsquo;une p\u00e9riode d&rsquo;essai d&rsquo;un mois !<\/p><\/div><\/a><\/div>\n<\/div>\n<\/div>\n<\/div>\n","protected":false},"excerpt":{"rendered":"","protected":false},"author":1,"featured_media":415,"parent":0,"menu_order":1,"comment_status":"closed","ping_status":"closed","template":"homepage.php","meta":[],"_links":{"self":[{"href":"https:\/\/www.lerelaispourlemploi.fr\/jardin\/wp-json\/wp\/v2\/pages\/18"}],"collection":[{"href":"https:\/\/www.lerelaispourlemploi.fr\/jardin\/wp-json\/wp\/v2\/pages"}],"about":[{"href":"https:\/\/www.lerelaispourlemploi.fr\/jardin\/wp-json\/wp\/v2\/types\/page"}],"author":[{"embeddable":true,"href":"https:\/\/www.lerelaispourlemploi.fr\/jardin\/wp-json\/wp\/v2\/users\/1"}],"replies":[{"embeddable":true,"href":"https:\/\/www.lerelaispourlemploi.fr\/jardin\/wp-json\/wp\/v2\/comments?post=18"}],"version-history":[{"count":26,"href":"https:\/\/www.lerelaispourlemploi.fr\/jardin\/wp-json\/wp\/v2\/pages\/18\/revisions"}],"predecessor-version":[{"id":2237,"href":"https:\/\/www.lerelaispourlemploi.fr\/jardin\/wp-json\/wp\/v2\/pages\/18\/revisions\/2237"}],"wp:featuredmedia":[{"embeddable":true,"href":"https:\/\/www.lerelaispourlemploi.fr\/jardin\/wp-json\/wp\/v2\/media\/415"}],"wp:attachment":[{"href":"https:\/\/www.lerelaispourlemploi.fr\/jardin\/wp-json\/wp\/v2\/media?parent=18"}],"curies":[{"name":"wp","href":"https:\/\/api.w.org\/{rel}","templated":true}]}}