{"id":224,"date":"2016-12-05T13:01:29","date_gmt":"2016-12-05T12:01:29","guid":{"rendered":"http:\/\/www.lerelaispourlemploi.fr\/jardin\/?page_id=224"},"modified":"2022-09-06T15:30:05","modified_gmt":"2022-09-06T13:30:05","slug":"points-de-depots","status":"publish","type":"page","link":"https:\/\/www.lerelaispourlemploi.fr\/jardin\/nos-paniers-bio\/points-de-depots\/","title":{"rendered":"Points de d\u00e9p\u00f4t"},"content":{"rendered":"<h1>D\u00e9p\u00f4t de l\u00e9gumes bio sur le Pays de Vitr\u00e9 (35)<\/h1>\n<p>L\u2019id\u00e9al est de retirer votre panier de l\u00e9gumes <strong>directement au Jardin<\/strong>. Cela vous permet en effet de rencontrer nos \u00e9quipes, de d\u00e9couvrir notre exploitation, de voir \u00e9voluer le Jardin au fil des saisons et des travaux\u00a0d\u2019am\u00e9nagement !<\/p>\n<p>Dans ce cas, les horaires de retrait des paniers sont :<\/p>\n<ul>\n<li>Le vendredi entre 9h30 et 19h<\/li>\n<\/ul>\n<p>Si vous vivez \u00e0 distance du Jardin, nous vous proposons quatre points de d\u00e9p\u00f4t :<\/p>\n<ul>\n<li><strong>Janz\u00e9<\/strong>\u00a0: retrait des paniers le mardi \u00e0 partir de 15h au magasin LaMaison.fr<\/li>\n<li><strong>La Guerche de Bretagne<\/strong>\u00a0: retrait des paniers le vendredi \u00e0 partir de 11h \u00e0 la Boucherie Moreau<\/li>\n<li><strong>Vitr\u00e9<\/strong>\u00a0: retrait des paniers le mardi \u00e0 partir de 16h \u00e0 Nature Source ou au FJT Tremplin<\/li>\n<li><strong>Etrelles<\/strong> : retrait des paniers le mardi \u00e0 partir de 16h \u00e0 La Belle Fromagerie<\/li>\n<\/ul>\n<p><div id=\"mapp0_layout\" class=\"mapp-layout\" style=\"width: 100%; \"><div id=\"mapp0_links\" class=\"mapp-map-links\"><\/div><div id=\"mapp0_dialog\" class=\"mapp-dialog\"><\/div><div id=\"mapp0\" class=\"mapp-canvas\" style=\"width: 100%; height: 500px; \"><\/div><div id=\"mapp0_directions\" class=\"mapp-directions\" style=\"width:100%\"><\/div><div id=\"mapp0_poi_list\" class=\"mapp-poi-list\" style=\"width:100%\"><\/div><\/div><\/p>\n<p>En cas de r\u00e2t\u00e9 le jour de la livraison, vous pouvez encore retirer votre panier le lendemain, aux horaires d\u2019ouverture du magasin.<\/p>\n<p>D\u2019autres points de d\u00e9p\u00f4t sont envisageables sur le Pays de Vitr\u00e9. Cette possibilit\u00e9 est ouverte \u00e0 partir de 10 abonnements en un m\u00eame lieu.<\/p>\n<p>Mais il vous est \u00e9galement possible de vous organiser entre adh\u00e9rents pour venir chercher votre panier \u00e0 tour de r\u00f4le : des paniers qui font du <strong>co-voiturage<\/strong>, c\u2019est \u00e9cologique et \u00e7a peut m\u00eame permettre de cr\u00e9er ou de renforcer des amiti\u00e9s !<\/p>\n","protected":false},"excerpt":{"rendered":"D\u00e9p\u00f4t de l\u00e9gumes bio sur le Pays de Vitr\u00e9 (35) L\u2019id\u00e9al est de retirer votre panier de l\u00e9gumes directement au Jardin. Cela vous permet en effet de rencontrer nos \u00e9quipes, de d\u00e9couvrir notre exploitation, de [&hellip;]","protected":false},"author":1,"featured_media":0,"parent":6,"menu_order":3,"comment_status":"closed","ping_status":"closed","template":"","meta":[],"_links":{"self":[{"href":"https:\/\/www.lerelaispourlemploi.fr\/jardin\/wp-json\/wp\/v2\/pages\/224"}],"collection":[{"href":"https:\/\/www.lerelaispourlemploi.fr\/jardin\/wp-json\/wp\/v2\/pages"}],"about":[{"href":"https:\/\/www.lerelaispourlemploi.fr\/jardin\/wp-json\/wp\/v2\/types\/page"}],"author":[{"embeddable":true,"href":"https:\/\/www.lerelaispourlemploi.fr\/jardin\/wp-json\/wp\/v2\/users\/1"}],"replies":[{"embeddable":true,"href":"https:\/\/www.lerelaispourlemploi.fr\/jardin\/wp-json\/wp\/v2\/comments?post=224"}],"version-history":[{"count":18,"href":"https:\/\/www.lerelaispourlemploi.fr\/jardin\/wp-json\/wp\/v2\/pages\/224\/revisions"}],"predecessor-version":[{"id":1998,"href":"https:\/\/www.lerelaispourlemploi.fr\/jardin\/wp-json\/wp\/v2\/pages\/224\/revisions\/1998"}],"up":[{"embeddable":true,"href":"https:\/\/www.lerelaispourlemploi.fr\/jardin\/wp-json\/wp\/v2\/pages\/6"}],"wp:attachment":[{"href":"https:\/\/www.lerelaispourlemploi.fr\/jardin\/wp-json\/wp\/v2\/media?parent=224"}],"curies":[{"name":"wp","href":"https:\/\/api.w.org\/{rel}","templated":true}]}}