{"id":228,"date":"2016-12-05T13:17:49","date_gmt":"2016-12-05T12:17:49","guid":{"rendered":"http:\/\/www.lerelaispourlemploi.fr\/jardin\/?page_id=228"},"modified":"2020-03-11T15:41:26","modified_gmt":"2020-03-11T14:41:26","slug":"adhesion","status":"publish","type":"page","link":"https:\/\/www.lerelaispourlemploi.fr\/jardin\/nos-paniers-bio\/adhesion\/","title":{"rendered":"Adh\u00e9sion"},"content":{"rendered":"<h1>Abonnement Panier de l\u00e9gumes bio au Pays de la Roche aux F\u00e9es (35)<\/h1>\n<p>L\u2019adh\u00e9sion \u00e0 nos paniers est <strong>semestrielle<\/strong>. Nous avons d\u00e9fini deux p\u00e9riodes\u00a0d\u2019abonnement : de Mars \u00e0 Septembre et de Septembre \u00e0 Mars.<\/p>\n<p>Vous pouvez toutefois adh\u00e9rer \u00e0 n\u2019importe quel moment de l\u2019ann\u00e9e, et au-del\u00e0 de la <strong>p\u00e9riode d\u2019essai d\u2019un mois<\/strong>, si la formule vous convient, vous \u00eates engag\u00e9s jusqu\u2019\u00e0 la fin du semestre en cours. Votre engagement donne ainsi une stabilit\u00e9 \u00e0 l\u2019association, et garantit l\u2019\u00e9coulement des l\u00e9gumes mis en culture.<\/p>\n<h3>Vous souhaitez adh\u00e9rer\u00a0? Rien de plus simple\u00a0!<\/h3>\n<p><p><a class=\"button jardin_bg\" href=\"https:\/\/www.lerelaispourlemploi.fr\/jardin\/telechargements\/dossier-dadhesion\/\" rel=\"nofollow\">\n\t\tT\u00e9l\u00e9charger &ldquo;Le dossier d'adh\u00e9sion&rdquo;\t<\/a><\/p><\/p>\n<p>Retournez-nous la premi\u00e8re page du contrat compl\u00e9t\u00e9e et sign\u00e9e, accompagn\u00e9e de votre premier r\u00e8glement par ch\u00e8que.<\/p>\n<p>Vous pouvez commencer d\u00e8s que vous le souhaitez en choisissant la semaine de d\u00e9marrage du contrat. Au-del\u00e0 de la p\u00e9riode d&rsquo;essai, si vous \u00eates convaincu(e) par la formule, vous vous engagez \u00e0 r\u00e9cup\u00e9rer un panier chaque semaine jusqu\u2019\u00e0 la fin du semestre.<\/p>\n<p><div class=\"quote\"><p class=\"citation\">Nous appr\u00e9cions l\u2019organisation propos\u00e9e, les recettes d\u00e9licieuses, faciles, la vari\u00e9t\u00e9 des produits propos\u00e9s, l\u2019\u00e9coute de l\u2019\u00e9quipe, sa r\u00e9activit\u00e9 et confiance quand on signale un oubli, des l\u00e9gumes ab\u00eem\u00e9s ou autre surprise.<\/p><p class=\"nom\">Enqu\u00eate de satisfaction, Janvier 2015<\/p><\/div><\/p>\n","protected":false},"excerpt":{"rendered":"Abonnement Panier de l\u00e9gumes bio au Pays de la Roche aux F\u00e9es (35) L\u2019adh\u00e9sion \u00e0 nos paniers est semestrielle. Nous avons d\u00e9fini deux p\u00e9riodes\u00a0d\u2019abonnement : de Mars \u00e0 Septembre et de Septembre \u00e0 Mars. Vous [&hellip;]","protected":false},"author":1,"featured_media":0,"parent":6,"menu_order":4,"comment_status":"closed","ping_status":"closed","template":"","meta":[],"_links":{"self":[{"href":"https:\/\/www.lerelaispourlemploi.fr\/jardin\/wp-json\/wp\/v2\/pages\/228"}],"collection":[{"href":"https:\/\/www.lerelaispourlemploi.fr\/jardin\/wp-json\/wp\/v2\/pages"}],"about":[{"href":"https:\/\/www.lerelaispourlemploi.fr\/jardin\/wp-json\/wp\/v2\/types\/page"}],"author":[{"embeddable":true,"href":"https:\/\/www.lerelaispourlemploi.fr\/jardin\/wp-json\/wp\/v2\/users\/1"}],"replies":[{"embeddable":true,"href":"https:\/\/www.lerelaispourlemploi.fr\/jardin\/wp-json\/wp\/v2\/comments?post=228"}],"version-history":[{"count":7,"href":"https:\/\/www.lerelaispourlemploi.fr\/jardin\/wp-json\/wp\/v2\/pages\/228\/revisions"}],"predecessor-version":[{"id":1504,"href":"https:\/\/www.lerelaispourlemploi.fr\/jardin\/wp-json\/wp\/v2\/pages\/228\/revisions\/1504"}],"up":[{"embeddable":true,"href":"https:\/\/www.lerelaispourlemploi.fr\/jardin\/wp-json\/wp\/v2\/pages\/6"}],"wp:attachment":[{"href":"https:\/\/www.lerelaispourlemploi.fr\/jardin\/wp-json\/wp\/v2\/media?parent=228"}],"curies":[{"name":"wp","href":"https:\/\/api.w.org\/{rel}","templated":true}]}}