{"id":11,"date":"2016-11-03T17:08:14","date_gmt":"2016-11-03T16:08:14","guid":{"rendered":"http:\/\/www.lerelaispourlemploi.fr\/parcmob\/?page_id=11"},"modified":"2021-04-19T17:18:35","modified_gmt":"2021-04-19T15:18:35","slug":"garages","status":"publish","type":"page","link":"https:\/\/www.lerelaispourlemploi.fr\/parcmob\/garages\/","title":{"rendered":"Les Garages"},"content":{"rendered":"<h1>Solution de mobilit\u00e9 pour demandeurs d&#8217;emploi au Pays de Vitr\u00e9 (35)<\/h1>\n<p>Ce service de proximit\u00e9 compte 7 garagistes essaim\u00e9s sur le territoire :<\/p>\n<p><div id=\"mapp0_layout\" class=\"mapp-layout\" style=\"width: 100%; \"><div id=\"mapp0_links\" class=\"mapp-map-links\"><\/div><div id=\"mapp0_dialog\" class=\"mapp-dialog\"><\/div><div id=\"mapp0\" class=\"mapp-canvas\" style=\"width: 100%; height: 500px; \"><\/div><div id=\"mapp0_directions\" class=\"mapp-directions\" style=\"width:100%\"><\/div><div id=\"mapp0_poi_list\" class=\"mapp-poi-list\" style=\"width:100%\"><\/div><\/div><\/p>\n","protected":false},"excerpt":{"rendered":"Solution de mobilit\u00e9 pour demandeurs d&#8217;emploi au Pays de Vitr\u00e9 (35) Ce service de proximit\u00e9 compte 7 garagistes essaim\u00e9s sur le territoire :","protected":false},"author":1,"featured_media":0,"parent":0,"menu_order":4,"comment_status":"closed","ping_status":"closed","template":"","meta":[],"_links":{"self":[{"href":"https:\/\/www.lerelaispourlemploi.fr\/parcmob\/wp-json\/wp\/v2\/pages\/11"}],"collection":[{"href":"https:\/\/www.lerelaispourlemploi.fr\/parcmob\/wp-json\/wp\/v2\/pages"}],"about":[{"href":"https:\/\/www.lerelaispourlemploi.fr\/parcmob\/wp-json\/wp\/v2\/types\/page"}],"author":[{"embeddable":true,"href":"https:\/\/www.lerelaispourlemploi.fr\/parcmob\/wp-json\/wp\/v2\/users\/1"}],"replies":[{"embeddable":true,"href":"https:\/\/www.lerelaispourlemploi.fr\/parcmob\/wp-json\/wp\/v2\/comments?post=11"}],"version-history":[{"count":7,"href":"https:\/\/www.lerelaispourlemploi.fr\/parcmob\/wp-json\/wp\/v2\/pages\/11\/revisions"}],"predecessor-version":[{"id":347,"href":"https:\/\/www.lerelaispourlemploi.fr\/parcmob\/wp-json\/wp\/v2\/pages\/11\/revisions\/347"}],"wp:attachment":[{"href":"https:\/\/www.lerelaispourlemploi.fr\/parcmob\/wp-json\/wp\/v2\/media?parent=11"}],"curies":[{"name":"wp","href":"https:\/\/api.w.org\/{rel}","templated":true}]}}