{"id":118,"date":"2016-11-30T12:37:51","date_gmt":"2016-11-30T11:37:51","guid":{"rendered":"http:\/\/www.lerelaispourlemploi.fr\/parcmob\/?page_id=118"},"modified":"2019-10-25T14:24:54","modified_gmt":"2019-10-25T12:24:54","slug":"eligibilite","status":"publish","type":"page","link":"https:\/\/www.lerelaispourlemploi.fr\/parcmob\/fonctionnement\/eligibilite\/","title":{"rendered":"Conditions d&rsquo;\u00e9ligibilit\u00e9"},"content":{"rendered":"<p><img loading=\"lazy\" class=\"size-medium wp-image-310 alignright\" src=\"http:\/\/www.lerelaispourlemploi.fr\/wp-content\/images\/20180427_141351-230x306.jpg\" alt=\"\" width=\"230\" height=\"306\" srcset=\"https:\/\/www.lerelaispourlemploi.fr\/wp-content\/images\/20180427_141351-230x306.jpg 230w, https:\/\/www.lerelaispourlemploi.fr\/wp-content\/images\/20180427_141351-150x200.jpg 150w, https:\/\/www.lerelaispourlemploi.fr\/wp-content\/images\/20180427_141351-768x1024.jpg 768w\" sizes=\"(max-width: 230px) 100vw, 230px\" \/><\/p>\n<h3>Vous devez reprendre le chemin de l\u2019emploi ou de la formation et vous n\u2019avez pas de moyen de locomotion ?<\/h3>\n<p>Le \u00ab Parc Mob \u00bb peut vous aider si :<\/p>\n<ul>\n<li>Vous habitez sur l\u2019une des 64 communes du <strong>Pays de Vitr\u00e9<\/strong>,<\/li>\n<li>Vous \u00eates connu dans l\u2019une des <a class=\"parcmob\" href=\"http:\/\/www.lerelaispourlemploi.fr\/parcmob\/fonctionnement\/marche-a-suivre\/\">structures partenaires<\/a> du Parc Mob,<\/li>\n<li>Vous poss\u00e9dez le <strong>Brevet de S\u00e9curit\u00e9 Routi\u00e8re<\/strong> ou permis AM (pour les personnes n\u00e9es apr\u00e8s 1988) ou \u00eates titulaire d&rsquo;un permis de conduire,<\/li>\n<li>Vous \u00eates en recherche de <strong>travail<\/strong>, en <strong>mission<\/strong> ou en <strong>formation<\/strong>.<\/li>\n<\/ul>\n","protected":false},"excerpt":{"rendered":"Vous devez reprendre le chemin de l\u2019emploi ou de la formation et vous n\u2019avez pas de moyen de locomotion ? Le \u00ab Parc Mob \u00bb peut vous aider si : Vous habitez sur l\u2019une des [&hellip;]","protected":false},"author":1,"featured_media":0,"parent":9,"menu_order":1,"comment_status":"closed","ping_status":"closed","template":"","meta":[],"_links":{"self":[{"href":"https:\/\/www.lerelaispourlemploi.fr\/parcmob\/wp-json\/wp\/v2\/pages\/118"}],"collection":[{"href":"https:\/\/www.lerelaispourlemploi.fr\/parcmob\/wp-json\/wp\/v2\/pages"}],"about":[{"href":"https:\/\/www.lerelaispourlemploi.fr\/parcmob\/wp-json\/wp\/v2\/types\/page"}],"author":[{"embeddable":true,"href":"https:\/\/www.lerelaispourlemploi.fr\/parcmob\/wp-json\/wp\/v2\/users\/1"}],"replies":[{"embeddable":true,"href":"https:\/\/www.lerelaispourlemploi.fr\/parcmob\/wp-json\/wp\/v2\/comments?post=118"}],"version-history":[{"count":11,"href":"https:\/\/www.lerelaispourlemploi.fr\/parcmob\/wp-json\/wp\/v2\/pages\/118\/revisions"}],"predecessor-version":[{"id":312,"href":"https:\/\/www.lerelaispourlemploi.fr\/parcmob\/wp-json\/wp\/v2\/pages\/118\/revisions\/312"}],"up":[{"embeddable":true,"href":"https:\/\/www.lerelaispourlemploi.fr\/parcmob\/wp-json\/wp\/v2\/pages\/9"}],"wp:attachment":[{"href":"https:\/\/www.lerelaispourlemploi.fr\/parcmob\/wp-json\/wp\/v2\/media?parent=118"}],"curies":[{"name":"wp","href":"https:\/\/api.w.org\/{rel}","templated":true}]}}