{"id":122,"date":"2016-11-30T12:39:52","date_gmt":"2016-11-30T11:39:52","guid":{"rendered":"http:\/\/www.lerelaispourlemploi.fr\/parcmob\/?page_id=122"},"modified":"2017-04-20T15:27:21","modified_gmt":"2017-04-20T13:27:21","slug":"marche-a-suivre","status":"publish","type":"page","link":"https:\/\/www.lerelaispourlemploi.fr\/parcmob\/fonctionnement\/marche-a-suivre\/","title":{"rendered":"Marche \u00e0 Suivre"},"content":{"rendered":"<h3>Vous souhaitez b\u00e9n\u00e9ficier d\u2019un de nos scooters ?<\/h3>\n<p>Adressez-vous \u00e0 l\u2019une des structures partenaires du Parc Mob : <\/p>\n<ul>\n<li>Centre Communal d&rsquo;Action Sociale (C.C.A.S.),<\/li>\n<li>Centre D\u00e9partemental d&rsquo;Action Sociale (C.D.A.S.),<\/li>\n<li>Service Insertion,<\/li>\n<li>Mission Locale,<\/li>\n<li>Point Accueil Emploi<\/li>\n<p>qui sera ainsi le <strong>Tuteur de la location<\/strong>.<\/p>\n","protected":false},"excerpt":{"rendered":"Vous souhaitez b\u00e9n\u00e9ficier d\u2019un de nos scooters ? Adressez-vous \u00e0 l\u2019une des structures partenaires du Parc Mob : Centre Communal d&rsquo;Action Sociale (C.C.A.S.), Centre D\u00e9partemental d&rsquo;Action Sociale (C.D.A.S.), Service Insertion, Mission Locale, Point Accueil Emploi [&hellip;]","protected":false},"author":1,"featured_media":0,"parent":9,"menu_order":2,"comment_status":"closed","ping_status":"closed","template":"","meta":[],"_links":{"self":[{"href":"https:\/\/www.lerelaispourlemploi.fr\/parcmob\/wp-json\/wp\/v2\/pages\/122"}],"collection":[{"href":"https:\/\/www.lerelaispourlemploi.fr\/parcmob\/wp-json\/wp\/v2\/pages"}],"about":[{"href":"https:\/\/www.lerelaispourlemploi.fr\/parcmob\/wp-json\/wp\/v2\/types\/page"}],"author":[{"embeddable":true,"href":"https:\/\/www.lerelaispourlemploi.fr\/parcmob\/wp-json\/wp\/v2\/users\/1"}],"replies":[{"embeddable":true,"href":"https:\/\/www.lerelaispourlemploi.fr\/parcmob\/wp-json\/wp\/v2\/comments?post=122"}],"version-history":[{"count":7,"href":"https:\/\/www.lerelaispourlemploi.fr\/parcmob\/wp-json\/wp\/v2\/pages\/122\/revisions"}],"predecessor-version":[{"id":218,"href":"https:\/\/www.lerelaispourlemploi.fr\/parcmob\/wp-json\/wp\/v2\/pages\/122\/revisions\/218"}],"up":[{"embeddable":true,"href":"https:\/\/www.lerelaispourlemploi.fr\/parcmob\/wp-json\/wp\/v2\/pages\/9"}],"wp:attachment":[{"href":"https:\/\/www.lerelaispourlemploi.fr\/parcmob\/wp-json\/wp\/v2\/media?parent=122"}],"curies":[{"name":"wp","href":"https:\/\/api.w.org\/{rel}","templated":true}]}}