{"id":13,"date":"2016-11-03T17:08:27","date_gmt":"2016-11-03T16:08:27","guid":{"rendered":"http:\/\/www.lerelaispourlemploi.fr\/parcmob\/?page_id=13"},"modified":"2017-04-20T15:30:22","modified_gmt":"2017-04-20T13:30:22","slug":"nos-partenaires","status":"publish","type":"page","link":"https:\/\/www.lerelaispourlemploi.fr\/parcmob\/nos-partenaires\/","title":{"rendered":"Nos Partenaires"},"content":{"rendered":"<h1>Nos partenaires du Parc Mobilit\u00e9 au Pays de Vitr\u00e9 (35)<\/h1>\n<p>La r\u00e9ussite du \u00ab Parc-Mob \u00bb est le r\u00e9sultat :<\/p>\n<ul>\n<li>d&rsquo;un partenariat fort et permanent avec les Garagistes et les Tuteurs,<\/li>\n<li>d&rsquo;une confiance des partenaires institutionnels et financiers,<\/li>\n<li>d&rsquo;un suivi constant des locations.<\/li>\n<\/ul>\n<p>Sans un engagement fort des \u00e9lus des deux Communaut\u00e9s de Communes et des partenaires du Pays de Vitr\u00e9, ce service ne pourrait exister.<\/p>\n<p>Le \u00ab Parc-Mob \u00bb remercie tout particuli\u00e8rement les associations Raid Armoricain et Partage Entraide Vitr\u00e9ais pour leurs dons, qui ont permis l\u2019achat d\u2019une douzaine de scooters neufs en 2014.<\/p>\n<p>Vous souhaitez vous aussi contribuer \u00e0 la mobilit\u00e9 des demandeurs d\u2019emploi du territoire afin de leur rendre l\u2019emploi et la formation plus accessibles ? <a class=\"parcmob\" href=\"http:\/\/www.lerelaispourlemploi.fr\/parcmob\/contact\/\">Contactez-nous<\/a> et trouvons ensemble des solutions !<\/p>\n<p>\r\n<div class=\"wpls-filter-wrp \">\r\n\t\t<ul class=\"wpls-filter\" id=\"wpls-filter-1\">\r\n\t\t\t\t\t<li class=\"wpls-filtr-cat wpls-active-filtr\" data-filter=\"*\"><span>Tous<\/span><\/li>\r\n\t\t\t\t\t<li class=\"wpls-filtr-cat \" data-filter=\".wpls-cat-4\"><span>Nos soutiens institutionnels<\/span><\/li>\r\n\t\t\t\t\t<li class=\"wpls-filtr-cat \" data-filter=\".wpls-cat-5\"><span>Nos partenaires dans l'action<\/span><\/li>\r\n\t\t\t<\/ul>\r\n\t<div class=\"wpls-filtr-container\" id=\"wpls-logo-filtr-1\">\r\n\t\t<div class=\"wpls-logo-showcase wpls-logo-filter wpls-design-1 has-no-animation wpls-clearfix\"><div  class=\"wpls-logo-cnt wpls-col-4 wpls-columns  wpls-cat-4\">\r\n\t<div class=\"wpls-fix-box\">\r\n\t\t\t<a href=\"http:\/\/www.vitrecommunaute.org\/\" target=\"_self\">\r\n\t\t\t<img class=\"wpls-logo-img\"  src=\"https:\/\/www.lerelaispourlemploi.fr\/wp-content\/images\/logo-vitrecommunaute.png\" alt=\"Vitr\u00e9 Communaut\u00e9\" \/>\r\n\t\t<\/a>\r\n\t\t<\/div>\r\n\r\n\t\t\t<div class=\"wpls-logo-title\">Vitr\u00e9 Communaut\u00e9<\/div>\r\n\t<\/div><div  class=\"wpls-logo-cnt wpls-col-4 wpls-columns  wpls-cat-5\">\r\n\t<div class=\"wpls-fix-box\">\r\n\t\t\t<a href=\"https:\/\/www.ille-et-vilaine.fr\/\" target=\"_self\">\r\n\t\t\t<img class=\"wpls-logo-img\"  src=\"https:\/\/www.lerelaispourlemploi.fr\/wp-content\/images\/logo-illeetvilainedepartement.png\" alt=\"D\u00e9partement d&rsquo;Ille et Vilaine\" \/>\r\n\t\t<\/a>\r\n\t\t<\/div>\r\n\r\n\t\t\t<div class=\"wpls-logo-title\">D\u00e9partement d&rsquo;Ille et Vilaine<\/div>\r\n\t<\/div><div  class=\"wpls-logo-cnt wpls-col-4 wpls-columns  wpls-cat-5\">\r\n\t<div class=\"wpls-fix-box\">\r\n\t\t\t<a href=\"https:\/\/www.cmb.fr\/banque\/assurance\/credit-mutuel\/web\/j_6\/accueil\" target=\"_self\">\r\n\t\t\t<img class=\"wpls-logo-img\"  src=\"https:\/\/www.lerelaispourlemploi.fr\/wp-content\/images\/logo-cmb.jpg\" alt=\"Cr\u00e9dit Mutuel de Bretagne\" \/>\r\n\t\t<\/a>\r\n\t\t<\/div>\r\n\r\n\t\t\t<div class=\"wpls-logo-title\">Cr\u00e9dit Mutuel de Bretagne<\/div>\r\n\t<\/div><div  class=\"wpls-logo-cnt wpls-col-4 wpls-columns  wpls-cat-4\">\r\n\t<div class=\"wpls-fix-box\">\r\n\t\t\t<a href=\"http:\/\/www.cc-rocheauxfees.fr\/\" target=\"_self\">\r\n\t\t\t<img class=\"wpls-logo-img\"  src=\"https:\/\/www.lerelaispourlemploi.fr\/wp-content\/images\/logo-Roche-Aux-Fees-140x100-2.jpg\" alt=\"Roche aux F\u00e9es Communaut\u00e9\" \/>\r\n\t\t<\/a>\r\n\t\t<\/div>\r\n\r\n\t\t\t<div class=\"wpls-logo-title\">Roche aux F\u00e9es Communaut\u00e9<\/div>\r\n\t<\/div><div  class=\"wpls-logo-cnt wpls-col-4 wpls-columns  wpls-cat-5\">\r\n\t<div class=\"wpls-fix-box\">\r\n\t\t\t<a href=\"http:\/\/missionlocale-paysdevitre.fr\/\" target=\"_self\">\r\n\t\t\t<img class=\"wpls-logo-img\"  src=\"https:\/\/www.lerelaispourlemploi.fr\/wp-content\/images\/logo-mission-locale-vitr\u00e9-3-e1543504790510.jpg\" alt=\"Mission Locale \u2013 Pays de Vitr\u00e9\" \/>\r\n\t\t<\/a>\r\n\t\t<\/div>\r\n\r\n\t\t\t<div class=\"wpls-logo-title\">Mission Locale \u2013 Pays de Vitr\u00e9<\/div>\r\n\t<\/div><div  class=\"wpls-logo-cnt wpls-col-4 wpls-columns  wpls-cat-5\">\r\n\t<div class=\"wpls-fix-box\">\r\n\t\t\t<a href=\"https:\/\/www.smacl.fr\/\" target=\"_self\">\r\n\t\t\t<img class=\"wpls-logo-img\"  src=\"https:\/\/www.lerelaispourlemploi.fr\/wp-content\/images\/logo-smacl.png\" alt=\"SMACL Assurances\" \/>\r\n\t\t<\/a>\r\n\t\t<\/div>\r\n\r\n\t\t\t<div class=\"wpls-logo-title\">SMACL Assurances<\/div>\r\n\t<\/div><div  class=\"wpls-logo-cnt wpls-col-4 wpls-columns  wpls-cat-5\">\r\n\t<div class=\"wpls-fix-box\">\r\n\t\t\t<a href=\"http:\/\/www.lerelaispourlemploi.fr\/parcmob\/garages\/\" target=\"_self\">\r\n\t\t\t<img class=\"wpls-logo-img\"  src=\"https:\/\/www.lerelaispourlemploi.fr\/wp-content\/images\/logo-garagiste.png\" alt=\"Les 7 garagistes\" \/>\r\n\t\t<\/a>\r\n\t\t<\/div>\r\n\r\n\t\t\t<div class=\"wpls-logo-title\">Les 7 garagistes<\/div>\r\n\t<\/div>\r\n\t\t<\/div>\r\n\t<\/div>\r\n\t<div class=\"wpls-loader-wrap wpls-hide\">\r\n\t\t<div class=\"wpls-loader\"><\/div>\r\n\t<\/div>\r\n<\/div><\/p>\n","protected":false},"excerpt":{"rendered":"Nos partenaires du Parc Mobilit\u00e9 au Pays de Vitr\u00e9 (35) La r\u00e9ussite du \u00ab Parc-Mob \u00bb est le r\u00e9sultat : d&rsquo;un partenariat fort et permanent avec les Garagistes et les Tuteurs, d&rsquo;une confiance des partenaires [&hellip;]","protected":false},"author":1,"featured_media":0,"parent":0,"menu_order":5,"comment_status":"closed","ping_status":"closed","template":"","meta":[],"_links":{"self":[{"href":"https:\/\/www.lerelaispourlemploi.fr\/parcmob\/wp-json\/wp\/v2\/pages\/13"}],"collection":[{"href":"https:\/\/www.lerelaispourlemploi.fr\/parcmob\/wp-json\/wp\/v2\/pages"}],"about":[{"href":"https:\/\/www.lerelaispourlemploi.fr\/parcmob\/wp-json\/wp\/v2\/types\/page"}],"author":[{"embeddable":true,"href":"https:\/\/www.lerelaispourlemploi.fr\/parcmob\/wp-json\/wp\/v2\/users\/1"}],"replies":[{"embeddable":true,"href":"https:\/\/www.lerelaispourlemploi.fr\/parcmob\/wp-json\/wp\/v2\/comments?post=13"}],"version-history":[{"count":6,"href":"https:\/\/www.lerelaispourlemploi.fr\/parcmob\/wp-json\/wp\/v2\/pages\/13\/revisions"}],"predecessor-version":[{"id":142,"href":"https:\/\/www.lerelaispourlemploi.fr\/parcmob\/wp-json\/wp\/v2\/pages\/13\/revisions\/142"}],"wp:attachment":[{"href":"https:\/\/www.lerelaispourlemploi.fr\/parcmob\/wp-json\/wp\/v2\/media?parent=13"}],"curies":[{"name":"wp","href":"https:\/\/api.w.org\/{rel}","templated":true}]}}